{"id":1014,"date":"2011-08-02T18:45:53","date_gmt":"2011-08-02T18:45:53","guid":{"rendered":"http:\/\/www.becker-gastro.de\/?page_id=1014"},"modified":"2021-07-14T17:28:21","modified_gmt":"2021-07-14T15:28:21","slug":"gewinnchance","status":"publish","type":"page","link":"https:\/\/becker-gastro.de\/UB\/fachgebiete\/gewinnchance\/","title":{"rendered":"Gewinnchance"},"content":{"rendered":"<p><strong>Liebe Gr\u00fcnder!<\/strong><br \/>Wir wissen: Das Geld ist <strong>immer<\/strong> knapp und nat\u00fcrlich: Beratung kostet&#8230; Und gerade weil das so ist, hat die <strong>Becker GASTRO UB<\/strong> ein Herz f\u00fcr Gr\u00fcnder und solche die es werden wollen:<\/p>\n<p>Wir bieten Ihnen hier die Chance, v\u00f6llig kostenfrei, nat\u00fcrlich gerne auch v\u00f6llig anonym, dabei absolut unverbindlich und ohne irgendeine vorangehende oder nachfolgende Verpflichtung f\u00fcr Sie bei Spiel und Gewinn, unseren Existenzgr\u00fcndungsleitfaden <strong>DATIF 1-4<\/strong> &#8211; ein <em>wirklich absolutes<\/em> <strong>MUSS<\/strong> f\u00fcr <strong>jeden<\/strong> Gr\u00fcnder &#8211; im Gesamtwert von <strong>360,00 Euro<\/strong> zu gewinnen!<\/p>\n<h2>Und das sollen Sie f\u00fcr dieses Highlight tun:<\/h2>\n<p><strong>Beantworten Sie zuerst folgende Frage:<\/strong><\/p>\n<p><strong>1.)<\/strong> Wie oft kommt unser Firmenname: &gt;Becker GASTRO UB&lt; in dieser Homepage vor? <strong>Richtig<\/strong>: Auf der <em><strong>Startseite<\/strong><\/em> schon 1 mal\u00a0 &#8211; \u00fcber den Buttons ganz oben als unser LOGO schon das 2. mal und in dieser Fragestellung mit Erl\u00e4uterung schon das 3. mal &#8211; aber wie oft verbirgt er sich hinter den Buttons? Also\u2026anklicken, \u00f6ffnen, lesen, z\u00e4hlen und nennen Sie uns dann per Mail die genaue Zahl und Sie gewinnen unsere <strong>DATIF 1 &#8211; <span style=\"color: #872c59;\">Der Existenzgr\u00fcnder in der Selbsterkenntnis seiner Bef\u00e4higungen!<\/span><\/strong><\/p>\n<p><strong>Beantworten Sie auch folgende Frage:<\/strong><\/p>\n<p><strong>2.)<\/strong> Wie oft kommt das Wort: &gt;Gewinn&lt; in dieser Homepage vor? <strong>Richtig<\/strong>: In den Buttons (siehe: <em><strong>der t\u00f6dliche &gt;Gewinn&lt;<\/strong><\/em>) schon 1 mal\u00a0 &#8211; in dieser Fragestellung mit Erl\u00e4uterung nochmals 2 mal &#8211; also insgesamt schon 3 mal, aber wie oft verbirgt er sich noch hinter den Buttons? Also\u2026anklicken, \u00f6ffnen, lesen, z\u00e4hlen und nennen Sie uns dann per Mail die genaue Zahl und Sie gewinnen unsere <strong>DATIF 2 &#8211; <span style=\"color: #872c59;\">das Gr\u00fcndungsobjekt durchleuchten &#8211; alle Fragen an den Verp\u00e4chter; nichts vergessen!<\/span><\/strong><\/p>\n<p><strong>Beantworten Sie auch folgende Frage:<\/strong><\/p>\n<p><strong>3.)<\/strong> Wie oft kommt das Wort: &gt;Unternehmensberatung&lt; in unserer Homepage vor? <strong>Richtig<\/strong>: In der 2. Seite (siehe: <em><strong>seit 10 Jahren die unabh\u00e4ngige gastronomische &gt;Unternehmensberatung&lt;<\/strong><\/em>) schon 1mal\u00a0 &#8211; in dieser Fragestellung mit Erl\u00e4uterung nochmals 2 mal &#8211; also insgesamt schon 3 mal, aber wie oft verbirgt er sich hinter den Buttons? Also\u2026anklicken, \u00f6ffnen, lesen, z\u00e4hlen und nennen Sie uns dann per Mail die genaue Zahl und Sie gewinnen unsere <strong>DATIF 3 &#8211; <span style=\"color: #872c59;\">das Gr\u00fcndungsobjekt in Zahlen &#8211; alle betriebsrelevanten Daten &#8211; keine Geheimnisse!<\/span><\/strong><\/p>\n<h2>Hallo Bonus!<\/h2>\n<p>Und wenn alle Zahlen richtig sind, erhalten Sie unsere<strong> DATIF 1-4<\/strong> &#8211; das absolute <strong>MUSS<\/strong> f\u00fcr <strong>jeden<\/strong> Gr\u00fcnder &#8211; im Gesamtwert von z.Zt. <strong>360,00 Euro<\/strong> komplett und inklusive mit unserer <strong>DATIF 4 &#8211; <span style=\"color: #872c59;\">das Gr\u00fcndungsobjekt Wirtschaftlich &#8211; alle Chancen Top oder doch ein Flop<\/span><\/strong><span style=\"color: #872c59;\"><strong>?<\/strong><\/span><\/p>\n<p>Senden Sie uns jetzt Ihr Ergebnis und nennen Sie dabei alle Ergebnisse erst einzeln und dann zusammen\u2026 Sollte auch nur eine Zahl richtig sein, erhalten sie den o.g. Gewinn per Mail umgehend an Ihre E-Mailadresse\u2026 <strong>Aber Achtung: Sie haben nur <span style=\"color: #872c59;\"><em>einen<\/em><\/span> Versuch!<\/strong><\/p>\n<p><em>Wichtiger Hinweis:<\/em><br \/><em>Der Rechtsweg ist ausgeschlossen! Mitarbeitern unserer Unternehmung ist die Teilnahme untersagt.<\/em><\/p>\n<h2>Hier Gewinnzahl senden:<\/h2>\n<p><a href=\"mailto:kontakt@becker-gastro.de\" target=\"_blank\" rel=\"noopener\">kontakt@becker-gastro.de<\/a><\/p>\n<p style=\"text-align: center;\">\u00a0<\/p>\n\n\n<p><\/p>\n","protected":false},"excerpt":{"rendered":"<p>Liebe Gr\u00fcnder!Wir wissen: Das Geld ist immer knapp und nat\u00fcrlich: Beratung kostet&#8230; Und gerade weil das so ist, [ &#8230; ]<\/p>\n","protected":false},"author":1,"featured_media":0,"parent":4525,"menu_order":4,"comment_status":"closed","ping_status":"open","template":"","meta":{"_links_to":"","_links_to_target":""},"_links":{"self":[{"href":"https:\/\/becker-gastro.de\/UB\/wp-json\/wp\/v2\/pages\/1014"}],"collection":[{"href":"https:\/\/becker-gastro.de\/UB\/wp-json\/wp\/v2\/pages"}],"about":[{"href":"https:\/\/becker-gastro.de\/UB\/wp-json\/wp\/v2\/types\/page"}],"author":[{"embeddable":true,"href":"https:\/\/becker-gastro.de\/UB\/wp-json\/wp\/v2\/users\/1"}],"replies":[{"embeddable":true,"href":"https:\/\/becker-gastro.de\/UB\/wp-json\/wp\/v2\/comments?post=1014"}],"version-history":[{"count":4,"href":"https:\/\/becker-gastro.de\/UB\/wp-json\/wp\/v2\/pages\/1014\/revisions"}],"predecessor-version":[{"id":5370,"href":"https:\/\/becker-gastro.de\/UB\/wp-json\/wp\/v2\/pages\/1014\/revisions\/5370"}],"up":[{"embeddable":true,"href":"https:\/\/becker-gastro.de\/UB\/wp-json\/wp\/v2\/pages\/4525"}],"wp:attachment":[{"href":"https:\/\/becker-gastro.de\/UB\/wp-json\/wp\/v2\/media?parent=1014"}],"curies":[{"name":"wp","href":"https:\/\/api.w.org\/{rel}","templated":true}]}}