{"id":156,"date":"2021-01-30T18:31:21","date_gmt":"2021-01-30T17:31:21","guid":{"rendered":"https:\/\/brings-online.com\/demo\/wp-theme-jura\/?page_id=156"},"modified":"2021-07-17T09:12:36","modified_gmt":"2021-07-17T07:12:36","slug":"start-2","status":"publish","type":"page","link":"https:\/\/becker-gastro.de\/UB\/","title":{"rendered":"Home"},"content":{"rendered":"\n<h3 class=\"wp-block-heading\"><strong>Willkommen Internetsurfer, Unternehmer, Existenzgr\u00fcnder, Hotelier, Gastronom!<\/strong><\/h3>\n\n\n\n<p><\/p>\n\n\n\n<p class=\"has-drop-cap\">B<strong>ezugnehmend<\/strong> auf die enormen Anspr\u00fcche und Leistungen an die Betreiber und Gr\u00fcnder jeder Art von Gastronomieobjekten, die stetig wachsende Flut von Paragraphen, Steuerverpflichtungen, Beh\u00f6rdeng\u00e4ngen und Sonderabgaben, m\u00f6chten wir uns hiermit f\u00fcr Ihren besten Eindruck, mit einem umfangreichen Internetauftritt als professionelles Beratungsteam aller Gastronomien &amp; Facetten vorstellen. <\/p>\n\n\n\n<p><strong>Wir wissen:<\/strong> Es werden in der Gastronomie bis hin zur gehobenen Hotelerie, an Sie als Inhaber oder Gesch\u00e4ftsf\u00fchrer, heute die h\u00f6chsten Anspr\u00fcche bez\u00fcglich Qualit\u00e4t und Management, gestellt. Dabei werden Sie oft auch nur wenig unterst\u00fctzt durch ausreichend qualifizierte Mitarbeiter und erfahren vor allem kaum gastronomische Hilfe durch Ihre Steuerberater oder Rechtsanw\u00e4lte, die meistens dem Gastronomiegesch\u00e4ft mit all seinen Anforderungen oft in v\u00f6lliger Unkenntnis oder vielleicht mal aus G\u00e4stesicht, gegen\u00fcberstehen&#8230;! <\/p>\n\n\n\n<p><strong>Wir steuern:<\/strong> bei den oft existenziellen Fragen: \u201eAlles gemacht, probiert, investiert \u2013 wo bleibt der Erfolg?\u201c mit Ihnen optimalste und diskreteste L\u00f6sung f\u00fcr Ihr derzeitiges oder k\u00fcnftiges Betriebs- und Bettenkonzept\u2026 Um sich davon zu \u00fcberzeugen und auch um Fragen zu den z.B. m\u00f6glichen Kosten unserer Leistungen zu er\u00f6rtern, bieten wir Ihnen jederzeit als erste vertrauensbildende Ma\u00dfnahme ein pers\u00f6nliches Informationsgespr\u00e4ch in unseren Gesch\u00e4ftsr\u00e4umen an!<\/p>\n\n\n\n<p><strong>Wir versichern:<\/strong> alles daran zu setzen, um stets f\u00fcr Sie einen entscheidenden Beitrag zu Ihrer Unternehmensentwicklung oder auch Unternehmensrettung sichtbar zu leisten und verbleiben bis dahin mit freundlichen Gr\u00fc\u00dfen aus NRW, Ihre<\/p>\n\n\n\n<p><strong>Becker GASTRO UB<\/strong><\/p>\n","protected":false},"excerpt":{"rendered":"<p>Willkommen Internetsurfer, Unternehmer, Existenzgr\u00fcnder, Hotelier, Gastronom! Bezugnehmend auf die enormen Anspr\u00fcche und Leistungen an die Betreiber und Gr\u00fcnder [ &#8230; ]<\/p>\n","protected":false},"author":1,"featured_media":0,"parent":0,"menu_order":0,"comment_status":"closed","ping_status":"closed","template":"homepage-v4.php","meta":{"_links_to":"","_links_to_target":""},"_links":{"self":[{"href":"https:\/\/becker-gastro.de\/UB\/wp-json\/wp\/v2\/pages\/156"}],"collection":[{"href":"https:\/\/becker-gastro.de\/UB\/wp-json\/wp\/v2\/pages"}],"about":[{"href":"https:\/\/becker-gastro.de\/UB\/wp-json\/wp\/v2\/types\/page"}],"author":[{"embeddable":true,"href":"https:\/\/becker-gastro.de\/UB\/wp-json\/wp\/v2\/users\/1"}],"replies":[{"embeddable":true,"href":"https:\/\/becker-gastro.de\/UB\/wp-json\/wp\/v2\/comments?post=156"}],"version-history":[{"count":10,"href":"https:\/\/becker-gastro.de\/UB\/wp-json\/wp\/v2\/pages\/156\/revisions"}],"predecessor-version":[{"id":5293,"href":"https:\/\/becker-gastro.de\/UB\/wp-json\/wp\/v2\/pages\/156\/revisions\/5293"}],"wp:attachment":[{"href":"https:\/\/becker-gastro.de\/UB\/wp-json\/wp\/v2\/media?parent=156"}],"curies":[{"name":"wp","href":"https:\/\/api.w.org\/{rel}","templated":true}]}}