{"id":1726,"date":"2012-02-29T11:00:09","date_gmt":"2012-02-29T11:00:09","guid":{"rendered":"http:\/\/www.becker-gastro.de\/?page_id=1726"},"modified":"2026-03-30T09:40:33","modified_gmt":"2026-03-30T07:40:33","slug":"beratungsreferenzen","status":"publish","type":"page","link":"https:\/\/becker-gastro.de\/UB\/ueber-uns\/beratungsreferenzen\/","title":{"rendered":"Unternehmensberatungsreferenzen"},"content":{"rendered":"<p style=\"text-align: left;\" align=\"center\"><span style=\"color: #000000; font-size: x-large;\"><strong>der Becker GASTRO UB <\/strong><\/span><strong><span style=\"color: #ffffff; font-size: x-large;\"><span style=\"color: #000000;\">~ <\/span><\/span><\/strong><span style=\"color: #000000; font-size: x-large;\">im <\/span><strong><strong><span style=\"color: #872c59; font-size: x-large;\">April <\/span><\/strong><\/strong><strong><strong><span style=\"color: #000000;\"><span style=\"font-size: x-large;\">20<\/span><\/span><span style=\"color: #872c59; font-size: x-large;\">26<img decoding=\"async\" loading=\"lazy\" class=\"size-medium wp-image-3907 alignright\" src=\"https:\/\/becker-gastro.de\/UB\/wp-content\/uploads\/2011\/01\/BGUBFB135hp-300x211.jpg\" alt=\"\" width=\"300\" height=\"211\" srcset=\"https:\/\/becker-gastro.de\/UB\/wp-content\/uploads\/2011\/01\/BGUBFB135hp-300x211.jpg 300w, https:\/\/becker-gastro.de\/UB\/wp-content\/uploads\/2011\/01\/BGUBFB135hp.jpg 420w\" sizes=\"(max-width: 300px) 100vw, 300px\" \/><\/span><\/strong><\/strong> <strong><span style=\"color: #ffffff; font-size: x-large;\">11<\/span><\/strong><\/p>\n<p style=\"text-align: left;\"><strong>Wir betreuen deutschlandweit Gr\u00fcnder, Unternehmer &amp; Gastronomieobjekte seit 1999&#8230;! <\/strong><\/p>\n<p style=\"text-align: left;\"><strong><span style=\"color: #993366;\"><span style=\"color: #872c59;\"><strong><span style=\"color: #872c59;\">Nachfolgend ein ausgew\u00e4hlter Auszug aus unseren aktuellen <strong>Beratungsreferenzen:<\/strong><\/span><\/strong><\/span><\/span><\/strong><\/p>\n<p><strong>&#8211; Restaurants, bis ca. 500 Sitzpl\u00e4tze [s.u.]<\/strong><\/p>\n<p><em>u.a. Caf\u00e9restaurant: <a href=\"https:\/\/www.chinaseagarden-am-park.de\/\" target=\"_blank\" rel=\"noopener\"><span style=\"color: #800080;\">CHINA SEA GARDEN <\/span><\/a>in Willich\/NRW unter der Leitung &gt;Nan King GmbH&lt;<br \/>u.a. Sportrestaurant: <span style=\"color: #800080;\"><a style=\"color: #800080;\" href=\"http:\/\/www.stadtbranchenbuch.com\/oer-erkenschwick\/1391859.html\" target=\"_blank\" rel=\"noopener\">AKTIV TREFF<\/a><\/span> in Oer-Erkenschwick\/NRW unter der Leitung &gt;Fam. Jakubiak&lt;<br \/>u.a. Restaurant: <span style=\"color: #800080;\">WIRTSHAUS IM PARK<\/span> in Willich\/NRW unter der Leitung &gt;K.H. Reuschenberg GmbH&lt;<br \/>u.a. Restaurant: <a href=\"https:\/\/www.burgrestaurant-nideggen.de\/\" target=\"_blank\" rel=\"noopener\"><span style=\"color: #800080;\">BURG NIDEGGEN<\/span><\/a> in Nideggen\/NRW im Auftrag des &gt;Landkreis D\u00fcren&lt;<\/em><\/p>\n<p><strong>&#8211; Hotels &amp; Pensionen ab 15 Betten [s.u.]<br \/><\/strong><\/p>\n<p><em>u.a. Hotel: <span style=\"color: #800080;\"><a style=\"color: #800080;\" href=\"http:\/\/www.hotel-haus-barion.de\/index.php?option=com_frontpage&amp;Itemid=1\" target=\"_blank\" rel=\"noopener\">HAUS BARION <\/a><\/span>in 50374 Erftstadt &#8211; Dirmerzheim\/NRW unter der Leitung &gt;I. Barion&lt;<br \/>u.a. Pension: <span style=\"color: #800080;\"><a style=\"color: #800080;\" href=\"https:\/\/tportal.toubiz.de\/willingen\/ukv\/house\/GER00020060414237505?tt=jp9cpecscqtqpk2nd83b9lb425\" target=\"_blank\" rel=\"noopener\">HARLEKIN <\/a><\/span>in Willingen\/HESSEN unter der Leitung &gt;Fam. De Ruiter&lt;<br \/>u.a. Hotel: <a href=\"http:\/\/www.grotehof.de\/\" target=\"_blank\" rel=\"noopener\"><span style=\"color: #800080;\">GROTEHOF<\/span><\/a> in Minden\/NRW unter der Leitung &gt;R. Poth&lt;<br \/>u.a. Hotel: <a href=\"http:\/\/hotel-poepsel.de\/\" target=\"_blank\" rel=\"noopener\"><span style=\"color: #800080;\">P\u00d6PSEL<\/span><\/a> in Beckum\/NRW unter der Leitung &gt;U. Hoffmann&lt;<br \/>u.a. Hotel: <span style=\"color: #800080;\"><a style=\"color: #800080;\" href=\"http:\/\/www.meinsteakhouse.de\/\" target=\"_blank\" rel=\"noopener\">BERGHOF <\/a><\/span>in Apelern\/NIEDERSACHSEN unter der Leitung &gt;D. Stratoff&lt;<br \/>u.a. Hotel: <a href=\"http:\/\/k\u00f6nigsruh-badk\u00f6nig.de\/\" target=\"_blank\" rel=\"noopener\"><span style=\"color: #800080;\">K\u00d6NIGSRUH<\/span><\/a> in Bad K\u00f6nig\/HESSEN unter der Leitung &gt;E. Koch&lt;<br \/>u.a. Hotel: <a href=\"https:\/\/haseluenne-seeblickhotel.de\/\" target=\"_blank\" rel=\"noopener\"><span style=\"color: #800080;\">SEEBLICK<\/span><\/a> in Hasel\u00fcnne\/NIEDERSACHSEN unter der Leitung &gt;N. Long&lt;<\/em><\/p>\n<p><strong>&#8211; Gastst\u00e4tten, Bistros, Bars &amp; Szenespitzenlokalit\u00e4ten bis 1.500m\u00b2 [s.u.]<br \/><\/strong><\/p>\n<p><em>u.a. Szene Kneipe: <span style=\"color: #800080;\">STONEHENGE<\/span> in Essen\/NRW unter der Leitung &gt;M. Meinhard&lt;<br \/>u.a. Musikstadel: <span style=\"color: #800080;\">OBERBAYERN<\/span> in Krefeld\/NRW unter der Leitung &gt;M. Ryll&lt;<br \/>u.a. Musikstadel: <span style=\"color: #800080;\">OBERBAYERN &amp; ANTON<\/span> in D\u00fcsseldorf\/NRW unter der Leitung &gt;Fam. Heithecker&lt;<br \/>u.a. Szene Pub: <span style=\"color: #800080;\">JAZZ PIANO<\/span> in Haldensleben\/SACHSEN-ANHALT unter der Leitung &gt;J. Ackermann&lt;<br \/>u.a. Eiscaf\u00e9: <span style=\"color: #800080;\">REMOR<\/span> in Oberhausen\/NRW unter der Leitung &gt;G. Remor&lt;<br \/>u.a. Caf\u00e9: <a href=\"https:\/\/www.facebook.com\/altstadtcafevangosen\" target=\"_blank\" rel=\"noopener\"><span style=\"color: #800080;\">ALTSTADT-CAF\u00c9<\/span> <\/a>in Gelsenkirchen\/NRW unter der Leitung &gt;v. Goosen&lt;<\/em><\/p>\n<p><strong>&#8211; Diskotheken bis ca. 1.000m\u00b2 [s.u.]<br \/><\/strong><\/p>\n<p><em>u.a. Diskothek: <span style=\"color: #800080;\">FIVE STARS<\/span> im L.K. H\u00f6xter\/NIEDERSACHSEN unter der Leitung &gt;S. Sch\u00fcnemann&lt;<br \/>u.a. Diskothek: <span style=\"color: #800080;\">NEUE LIEBE<\/span> in Essen\/NRW unter der Leitung &gt;R. Nurlu&lt;<br \/>u.a. Diskothek: <a href=\"https:\/\/www.disco-step-up.de\/\" target=\"_blank\" rel=\"noopener\"><span style=\"color: #800080;\">STEP UP<\/span><\/a> in Hasel\u00fcnne\/NIEDERSACHSEN unter der Leitung &gt;Fam. G\u00f6diker&lt;<br \/>u.a. Diskothek: <a href=\"https:\/\/www.musik-langenfeld.de\/#image-3\" target=\"_blank\" rel=\"noopener\"><span style=\"color: #800080;\">MUSIK<\/span><\/a> in Langenfeld\/NRW unter der Leitung &gt;MKT GmbH&lt;<br \/>u.a. Diskothek: <span style=\"color: #800080;\">DANCING CLUB<\/span> in Karlsh\u00f6fen\/NIEDERSACHSEN unter der Leitung &gt;M. Grotheer&lt;<\/em><\/p>\n<p><strong>&#8211; Diskotheken ab 1.000m\u00b2 <\/strong><strong>bis 4.900 m\u00b2<\/strong><strong> [s.u.]<br \/><\/strong><\/p>\n<p><em>u.a. Diskothek: <span style=\"color: #800080;\">PIAR<\/span> in W\u00f6rrstadt\/ RHEINLAND-PFALZ unter der Leitung &gt;BHG KG&lt;<br \/>u.a. Tanzpalast: <a href=\"http:\/\/www.odeon-tanzpalast.de\/\" target=\"_blank\" rel=\"noopener\"><span style=\"color: #800080;\">ODEON<\/span> <\/a>in Krefeld\/NRW unter der Leitung &gt;U. Maus&lt;<br \/>u.a. Diskothek: <span style=\"color: #800080;\">GIGA-PARC<\/span> in D\u00fclmen\/NRW unter der Leitung &gt;K. Duyar&lt;<br \/>u.a. Diskothek: <span style=\"color: #800080;\">ELON<\/span> in Waldbr\u00f6hl\/NRW unter der Leitung &gt;M. Lichtinghagen&lt;<br \/>u.a. Diskothek: <span style=\"color: #800080;\">ROUTE CENTER<\/span> in Duisburg\/NRW unter der Leitung &gt;U. M\u00f6wius&lt;<br \/>u.a. Diskothek: <span style=\"color: #800080;\">ALPHA MUSIC-PARC<\/span> in Duisburg\/NRW unter der Leitung &gt;ALDU Diskotheken Betriebsgesellschaft UG&lt;<\/em><\/p>\n<p><strong>&#8211; sowie diverse Eventcenter ab 5000 m\u00b2 [s.u.]<br \/><\/strong><\/p>\n<p><em>u.a. Disco-Mega-Center: <span style=\"color: #800080;\"><a style=\"color: #800080;\" href=\"http:\/\/www.turbinenhalle.de\/\" target=\"_blank\" rel=\"noopener\">TURBINENHALLE <\/a><\/span>in Oberhausen\/NRW unter der Leitung &gt;Turbinenhalle GmbH &amp; Co KG&lt;<\/em><\/p>\n<p>***<strong>INFO<\/strong>: Wir agieren f\u00fcr unsere Mandanten vertraulich und zumeist nicht \u00f6ffentlich. Daher k\u00f6nnen\/d\u00fcrfen wir hier an dieser Stelle unsere Referenzen nicht vollst\u00e4ndig auff\u00fchren, sondern nur die von uns betreuten Gastronomieobjekte, bei denen im Zusammenhang mit der hier stattfindenden Benennung die Einverst\u00e4ndnisse der Gr\u00fcnder \/ Betreiber \/ Mandanten vorliegen&#8230;<\/p>\n<p>\u00a0<\/p>\n<p style=\"text-align: center;\"><a href=\"https:\/\/becker-gastro.de\/UB\/ueber-uns\/referenzen\/\">Zu unseren Immobilienreferenzen &gt;&gt;<\/a><\/p>\n<p>\u00a0<\/p>\n<p style=\"text-align: center;\">\u00a0<\/p>\n\n\n<p><\/p>\n","protected":false},"excerpt":{"rendered":"<p>der Becker GASTRO UB ~ im April 2026 11 Wir betreuen deutschlandweit Gr\u00fcnder, Unternehmer &amp; Gastronomieobjekte seit 1999&#8230;! [ &#8230; ]<\/p>\n","protected":false},"author":1,"featured_media":0,"parent":69,"menu_order":3,"comment_status":"closed","ping_status":"closed","template":"","meta":{"_links_to":"","_links_to_target":""},"_links":{"self":[{"href":"https:\/\/becker-gastro.de\/UB\/wp-json\/wp\/v2\/pages\/1726"}],"collection":[{"href":"https:\/\/becker-gastro.de\/UB\/wp-json\/wp\/v2\/pages"}],"about":[{"href":"https:\/\/becker-gastro.de\/UB\/wp-json\/wp\/v2\/types\/page"}],"author":[{"embeddable":true,"href":"https:\/\/becker-gastro.de\/UB\/wp-json\/wp\/v2\/users\/1"}],"replies":[{"embeddable":true,"href":"https:\/\/becker-gastro.de\/UB\/wp-json\/wp\/v2\/comments?post=1726"}],"version-history":[{"count":10,"href":"https:\/\/becker-gastro.de\/UB\/wp-json\/wp\/v2\/pages\/1726\/revisions"}],"predecessor-version":[{"id":6176,"href":"https:\/\/becker-gastro.de\/UB\/wp-json\/wp\/v2\/pages\/1726\/revisions\/6176"}],"up":[{"embeddable":true,"href":"https:\/\/becker-gastro.de\/UB\/wp-json\/wp\/v2\/pages\/69"}],"wp:attachment":[{"href":"https:\/\/becker-gastro.de\/UB\/wp-json\/wp\/v2\/media?parent=1726"}],"curies":[{"name":"wp","href":"https:\/\/api.w.org\/{rel}","templated":true}]}}